{"id":17,"date":"2014-02-12T17:36:08","date_gmt":"2014-02-12T17:36:08","guid":{"rendered":"http:\/\/www.seasideplants.eu\/wp01\/?page_id=17"},"modified":"2021-04-09T13:33:11","modified_gmt":"2021-04-09T13:33:11","slug":"directions","status":"publish","type":"page","link":"https:\/\/www.seasideplants.eu\/wp01\/directions\/","title":{"rendered":"06 Courses"},"content":{"rendered":"<h1>Courses<\/h1>\n<p>Throughout the year we will be running a variety of courses aimed at all aspects of gardening&#8230;.<\/p>\n<p>&nbsp;<\/p>\n ","protected":false},"excerpt":{"rendered":"<p>We run courses throughout the year  aimed at all aspects of gardening\u2026.<\/br><br \/>\n<em> B\u00edonn c\u00farsa\u00ed ar si\u00fal i gCluain na dTor i rith na bliana, ar gach gn\u00e9 de gharra\u00edod\u00f3ireacht.<\/em><\/p>\n","protected":false},"author":1,"featured_media":416,"parent":0,"menu_order":0,"comment_status":"closed","ping_status":"closed","template":"","meta":{"ub_ctt_via":""},"featured_image_src":"https:\/\/www.seasideplants.eu\/wp01\/wp-content\/uploads\/2020\/11\/32336936_247663465797342_6222300652802932736_n-1.jpg","_links":{"self":[{"href":"https:\/\/www.seasideplants.eu\/wp01\/wp-json\/wp\/v2\/pages\/17"}],"collection":[{"href":"https:\/\/www.seasideplants.eu\/wp01\/wp-json\/wp\/v2\/pages"}],"about":[{"href":"https:\/\/www.seasideplants.eu\/wp01\/wp-json\/wp\/v2\/types\/page"}],"author":[{"embeddable":true,"href":"https:\/\/www.seasideplants.eu\/wp01\/wp-json\/wp\/v2\/users\/1"}],"replies":[{"embeddable":true,"href":"https:\/\/www.seasideplants.eu\/wp01\/wp-json\/wp\/v2\/comments?post=17"}],"version-history":[{"count":11,"href":"https:\/\/www.seasideplants.eu\/wp01\/wp-json\/wp\/v2\/pages\/17\/revisions"}],"predecessor-version":[{"id":516,"href":"https:\/\/www.seasideplants.eu\/wp01\/wp-json\/wp\/v2\/pages\/17\/revisions\/516"}],"wp:featuredmedia":[{"embeddable":true,"href":"https:\/\/www.seasideplants.eu\/wp01\/wp-json\/wp\/v2\/media\/416"}],"wp:attachment":[{"href":"https:\/\/www.seasideplants.eu\/wp01\/wp-json\/wp\/v2\/media?parent=17"}],"curies":[{"name":"wp","href":"https:\/\/api.w.org\/{rel}","templated":true}]}}