{"id":6,"date":"2014-02-12T17:20:32","date_gmt":"2014-02-12T17:20:32","guid":{"rendered":"http:\/\/www.seasideplants.eu\/wp01\/?page_id=6"},"modified":"2022-03-28T16:16:30","modified_gmt":"2022-03-28T16:16:30","slug":"01-home","status":"publish","type":"page","link":"https:\/\/www.seasideplants.eu\/wp01\/","title":{"rendered":"01 Home"},"content":{"rendered":"<div class=\"wp-block-ub-tabbed-content wp-block-ub-tabbed-content-holder wp-block-ub-tabbed-content-horizontal-holder-mobile wp-block-ub-tabbed-content-horizontal-holder-tablet\" id=\"ub-tabbed-content-968fed1f-4c1d-4614-b8f1-b0a6ba4337fc\">\n                <div role=\"tablist\" class=\"wp-block-ub-tabbed-content-tab-holder  horizontal-tab-width-mobile horizontal-tab-width-tablet\">\n                    <div class=\"wp-block-ub-tabbed-content-tabs-title wp-block-ub-tabbed-content-tabs-title-mobile-horizontal-tab wp-block-ub-tabbed-content-tabs-title-tablet-horizontal-tab\"><div role=\"tab\" id=\"ub-tabbed-content-968fed1f-4c1d-4614-b8f1-b0a6ba4337fc-tab-0\" aria-controls=\"ub-tabbed-content-968fed1f-4c1d-4614-b8f1-b0a6ba4337fc-panel-0\"\n            aria-selected=\"true\" class = \"wp-block-ub-tabbed-content-tab-title-wrap active\">\n            <div class=\"wp-block-ub-tabbed-content-tab-title\">English<\/div><\/div><div role=\"tab\" id=\"ub-tabbed-content-968fed1f-4c1d-4614-b8f1-b0a6ba4337fc-tab-1\" aria-controls=\"ub-tabbed-content-968fed1f-4c1d-4614-b8f1-b0a6ba4337fc-panel-1\"\n            aria-selected=\"false\" class = \"wp-block-ub-tabbed-content-tab-title-wrap\">\n            <div class=\"wp-block-ub-tabbed-content-tab-title\">Gaeilge<\/div><\/div><\/div><\/div>\n                <div class=\"wp-block-ub-tabbed-content-tabs-content \"><div role=\"tabpanel\" class=\"wp-block-ub-tabbed-content-tab-content-wrap active\"\n        id=\"ub-tabbed-content-968fed1f-4c1d-4614-b8f1-b0a6ba4337fc-panel-0\" aria-labelledby=\"ub-tabbed-content-968fed1f-4c1d-4614-b8f1-b0a6ba4337fc-tab-0\">\n\n<div class=\"wp-block-image\"><figure class=\"alignright size-large is-resized\"><a href=\"http:\/\/www.seasideplants.eu\/wp01\/wp-content\/uploads\/2020\/11\/109691649_3302562156431413_8348499908070677360_o-1.jpg\"><img loading=\"lazy\" src=\"http:\/\/www.seasideplants.eu\/wp01\/wp-content\/uploads\/2020\/11\/109691649_3302562156431413_8348499908070677360_o-1.jpg\" alt=\"\" class=\"wp-image-426\" width=\"300\" height=\"NaN\" srcset=\"https:\/\/www.seasideplants.eu\/wp01\/wp-content\/uploads\/2020\/11\/109691649_3302562156431413_8348499908070677360_o-1.jpg 600w, https:\/\/www.seasideplants.eu\/wp01\/wp-content\/uploads\/2020\/11\/109691649_3302562156431413_8348499908070677360_o-1-225x300.jpg 225w, https:\/\/www.seasideplants.eu\/wp01\/wp-content\/uploads\/2020\/11\/109691649_3302562156431413_8348499908070677360_o-1-400x533.jpg 400w\" sizes=\"(max-width: 600px) 100vw, 600px\" \/><\/a><\/figure><\/div>\n\n\n\n<p>Located in the scenic splendour of Ireland&#8217;s wilderness, <strong>Cluain na dTor (meaning &#8216;Meadow of Shrubs&#8217;) Nursery and Gardens<\/strong> specialises in plants that thrive in Seaside gardens and coastal regions. We offer an outstanding selection of plants suited to both the exposed and more sheltered garden.<\/p>\n\n\n\n<p>Anyone visiting will have the opportunity to see growing together in the garden, many of the plants suited to these two conditions.<\/p>\n\n\n\n<p>Here, near the seaside village of Falcarragh on the North-West coastline of Donegal, the Irish climate is described as cool temperate maritime. Heavily influenced by the relatively warm waters of the Atlantic, we experience cooler summers and milder winters than any other place at an equivalent latitude, either North or South of the Equator.<\/p>\n\n\n\n<p>I hope you enjoy meandering through our website\u2026 or better yet, come for a visit and see for yourself\u2026.<\/p>\n\n\n\n<p><strong><em>Seamus O Donnell<\/em><\/strong><\/p>\n\n<\/div><div role=\"tabpanel\" class=\"wp-block-ub-tabbed-content-tab-content-wrap ub-hide\"\n        id=\"ub-tabbed-content-968fed1f-4c1d-4614-b8f1-b0a6ba4337fc-panel-1\" aria-labelledby=\"ub-tabbed-content-968fed1f-4c1d-4614-b8f1-b0a6ba4337fc-tab-1\">\n\n<div class=\"wp-block-image\"><figure class=\"alignright size-large is-resized\"><a href=\"http:\/\/www.seasideplants.eu\/wp01\/wp-content\/uploads\/2020\/11\/109691649_3302562156431413_8348499908070677360_o-1.jpg\"><img loading=\"lazy\" src=\"http:\/\/www.seasideplants.eu\/wp01\/wp-content\/uploads\/2020\/11\/109691649_3302562156431413_8348499908070677360_o-1.jpg\" alt=\"\" class=\"wp-image-426\" width=\"300\" height=\"NaN\" srcset=\"https:\/\/www.seasideplants.eu\/wp01\/wp-content\/uploads\/2020\/11\/109691649_3302562156431413_8348499908070677360_o-1.jpg 600w, https:\/\/www.seasideplants.eu\/wp01\/wp-content\/uploads\/2020\/11\/109691649_3302562156431413_8348499908070677360_o-1-225x300.jpg 225w, https:\/\/www.seasideplants.eu\/wp01\/wp-content\/uploads\/2020\/11\/109691649_3302562156431413_8348499908070677360_o-1-400x533.jpg 400w\" sizes=\"(max-width: 600px) 100vw, 600px\" \/><\/a><\/figure><\/div>\n\n\n\n<p>Suite in iarg\u00faltacht \u00e1lainn na h\u00c9ireann, d\u00e9anann Cluain na dTor speisialt\u00f3ireacht ar phlanda\u00ed a fh\u00e1sann go maith i ngaird\u00edn\u00ed cois farraige.<\/p>\n\n\n\n<p>T\u00e1 rogha iontach ar f\u00e1il de phlanda\u00ed a fh\u00f3ireann do \u00e1iteacha oscailte, chomh maith le gaird\u00edn\u00ed le neart foscaidh.<\/p>\n\n\n\n<p>M\u00e1 thugann t\u00fa cuairt orainn beidh seans agat na planda\u00ed seo a fheice\u00e1il ag f\u00e1s i gcuideachta a ch\u00e9ile.&nbsp;<\/p>\n\n\n\n<p>Anseo, in aice le sr\u00e1idbhaile cois farraige An Fh\u00e1l Charraigh, ar ch\u00f3sta thiar thuaidh Dh\u00fan na nGall, t\u00e1 aer\u00e1id mheasartha mhuir\u00ed fhionnuar againn.&nbsp;<\/p>\n\n\n\n<p>T\u00e1 tionchar m\u00f3r ag uisc\u00ed measartha te an Atlantaigh ar an aimsir sa cheantar seo, b\u00edonn samhra\u00ed n\u00edos fuaire agus geimhreadh n\u00edos s\u00e9imhe againn n\u00e1 aon \u00e1it eile ag an domhanleithead c\u00e9anna, \u00f3 thuaidh n\u00f3 \u00f3 dheas \u00f3n Me\u00e1nchiorcal.<\/p>\n\n\n\n<p>T\u00e1 s\u00fail agam go mbainfidh sibh sult as a bheith ag spaisteoireacht tr\u00edn\u00e1r su\u00edomh gr\u00e9as\u00e1in \u2026 n\u00f3 n\u00edos fearr ar\u00eds, taraig\u00ed ar cuairt go bhfeicfidh sibh \u00e9 mar is gceart \u2026.<\/p>\n\n\n\n<p><strong><em>Seamus O Donnell<\/em><\/strong><\/p>\n\n<\/div><\/div>\n            <\/div>\n\n\n<hr class=\"wp-block-separator\"\/>\n\n\n\n<div class=\"wp-block-columns\">\n<div class=\"wp-block-column\">\n<div class=\"otw-sidebar otw-sidebar-1 otw-sidebar-vertical\"><div class=\"widget otw-widget-1 widget-first widget_fpw_widget\"><h2 class=\"widgettitle\">Plandlann &#8211; Nursery<\/h2>\n\r\n<article class=\"fpw-clearfix fpw-layout-big\">\r\n\r\n\t<a href=\"https:\/\/www.seasideplants.eu\/wp01\/nursery\/\" class=\"fpw-featured-link\">\r\n\t\t<div class=\"fpw-featured-image\">\r\n\t\t\t<img width=\"400\" height=\"225\" src=\"https:\/\/www.seasideplants.eu\/wp01\/wp-content\/uploads\/2020\/11\/11536110_975435399144112_5384897100677821212_n-1-400x225.jpg\" class=\"attachment-fpw_big size-fpw_big wp-post-image\" alt=\"\" loading=\"lazy\" srcset=\"https:\/\/www.seasideplants.eu\/wp01\/wp-content\/uploads\/2020\/11\/11536110_975435399144112_5384897100677821212_n-1-400x225.jpg 400w, https:\/\/www.seasideplants.eu\/wp01\/wp-content\/uploads\/2020\/11\/11536110_975435399144112_5384897100677821212_n-1-300x169.jpg 300w, https:\/\/www.seasideplants.eu\/wp01\/wp-content\/uploads\/2020\/11\/11536110_975435399144112_5384897100677821212_n-1-768x432.jpg 768w, https:\/\/www.seasideplants.eu\/wp01\/wp-content\/uploads\/2020\/11\/11536110_975435399144112_5384897100677821212_n-1.jpg 952w\" sizes=\"(max-width: 400px) 100vw, 400px\" \/>\t\t<\/div>\r\n\t\t<h3 class=\"fpw-page-title\"><\/h3>\r\n\t<\/a>\t\r\n\r\n\t<div class=\"fpw-excerpt\">\r\n\t\t<p>The nursery offers an outstanding selection of plants suited to both the exposed and more sheltered garden.<\/br><br \/>\n<em>T\u00e1 rogha iontach ar f\u00e1il de phlanda\u00ed a fh\u00f3ireann do \u00e1iteacha oscailte, chomh maith le gaird\u00edn\u00ed le neart foscaidh.<\/em><\/p>\n\t<\/div>\r\n\r\n<\/article><\/div><\/div>\n<\/div>\n\n\n\n<div class=\"wp-block-column\">\n<div class=\"otw-sidebar otw-sidebar-2 otw-sidebar-vertical\"><div class=\"widget otw-widget-1 widget-first widget_fpw_widget\"><h2 class=\"widgettitle\">Plean\u00e1il &#8211; Design<\/h2>\n\r\n<article class=\"fpw-clearfix fpw-layout-big\">\r\n\r\n\t<a href=\"https:\/\/www.seasideplants.eu\/wp01\/design\/\" class=\"fpw-featured-link\">\r\n\t\t<div class=\"fpw-featured-image\">\r\n\t\t\t<img width=\"299\" height=\"168\" src=\"https:\/\/www.seasideplants.eu\/wp01\/wp-content\/uploads\/2020\/11\/portrait-SOD01-1.jpg\" class=\"attachment-fpw_big size-fpw_big wp-post-image\" alt=\"Seamus O Donnell Cluain na dTor Seaside Gardens\" loading=\"lazy\" \/>\t\t<\/div>\r\n\t\t<h3 class=\"fpw-page-title\"><\/h3>\r\n\t<\/a>\t\r\n\r\n\t<div class=\"fpw-excerpt\">\r\n\t\t<p>Cluain na dTor can offer advice and work out your own personal plant list consisting of species that we know should thrive in your garden.<\/br><br \/>\n<em>Is f\u00e9idir linn comhairle a thabhairt duit ar phlanda\u00ed a fh\u00e1sann go maith i ngaird\u00edn\u00ed cois farraige.<\/em><\/p>\n\t<\/div>\r\n\r\n<\/article><\/div><\/div>\n<\/div>\n\n\n\n<div class=\"wp-block-column\">\n<div class=\"otw-sidebar otw-sidebar-3 otw-sidebar-vertical\"><div class=\"widget otw-widget-1 widget-first widget_fpw_widget\"><h2 class=\"widgettitle\">C\u00farsa\u00ed &#8211; Courses<\/h2>\n\r\n<article class=\"fpw-clearfix fpw-layout-big\">\r\n\r\n\t<a href=\"https:\/\/www.seasideplants.eu\/wp01\/directions\/\" class=\"fpw-featured-link\">\r\n\t\t<div class=\"fpw-featured-image\">\r\n\t\t\t<img width=\"400\" height=\"225\" src=\"https:\/\/www.seasideplants.eu\/wp01\/wp-content\/uploads\/2020\/11\/32336936_247663465797342_6222300652802932736_n-1-400x225.jpg\" class=\"attachment-fpw_big size-fpw_big wp-post-image\" alt=\"\" loading=\"lazy\" srcset=\"https:\/\/www.seasideplants.eu\/wp01\/wp-content\/uploads\/2020\/11\/32336936_247663465797342_6222300652802932736_n-1-400x225.jpg 400w, https:\/\/www.seasideplants.eu\/wp01\/wp-content\/uploads\/2020\/11\/32336936_247663465797342_6222300652802932736_n-1-300x169.jpg 300w, https:\/\/www.seasideplants.eu\/wp01\/wp-content\/uploads\/2020\/11\/32336936_247663465797342_6222300652802932736_n-1-768x432.jpg 768w, https:\/\/www.seasideplants.eu\/wp01\/wp-content\/uploads\/2020\/11\/32336936_247663465797342_6222300652802932736_n-1.jpg 895w\" sizes=\"(max-width: 400px) 100vw, 400px\" \/>\t\t<\/div>\r\n\t\t<h3 class=\"fpw-page-title\"><\/h3>\r\n\t<\/a>\t\r\n\r\n\t<div class=\"fpw-excerpt\">\r\n\t\t<p>We run courses throughout the year  aimed at all aspects of gardening\u2026.<\/br><br \/>\n<em> B\u00edonn c\u00farsa\u00ed ar si\u00fal i gCluain na dTor i rith na bliana, ar gach gn\u00e9 de gharra\u00edod\u00f3ireacht.<\/em><\/p>\n\t<\/div>\r\n\r\n<\/article><\/div><\/div>\n<\/div>\n<\/div>\n\n\n\n<h2>Garden Admission Tickets Available Soon &#8211; Opening mid May 2022<\/h2>\n\n\n\n\n\n<div class=\"woocommerce\">\t\t\t<div class=\"single-product\" data-product-page-preselected-id=\"0\">\n\t\t\t\t<div id=\"product-452\" class=\"product type-product post-452 status-publish first instock product_cat-voucher has-post-thumbnail sold-individually shipping-taxable purchasable product-type-variable\">\n\n\t\n\t<div class=\"summary entry-summary\">\n\t\t\t<\/div>\n\n\t<\/div>\n\n\t\t\t<\/div>\n\t\t\t<\/div>\n\n\n\n<hr class=\"wp-block-separator\"\/>\n\n\n\n<h3>Cluain na dTor<\/h3>\n\n\n\n<figure class=\"wp-block-embed is-type-video is-provider-vimeo wp-block-embed-vimeo wp-embed-aspect-16-9 wp-has-aspect-ratio\"><div class=\"wp-block-embed__wrapper\">\n<iframe loading=\"lazy\" src=\"https:\/\/player.vimeo.com\/video\/222829463?h=1d8f7ad965&amp;dnt=1&amp;app_id=122963\" width=\"980\" height=\"551\" frameborder=\"0\" allow=\"autoplay; fullscreen; picture-in-picture\" allowfullscreen><\/iframe>\n<\/div><\/figure>\n\n\n\n<div class=\"wp-block-columns\">\n<div class=\"wp-block-column\">\n<div class=\"otw-sidebar otw-sidebar-4 otw-sidebar-vertical\"><div class=\"widget otw-widget-1 widget-first widget_newsletterwidget\"><h2 class=\"widgettitle\">Nuachtlitir &#8211; Newsletter<\/h2>\n<em>T\u00e1 nuachtlitir againn le eolas ar na ruda\u00ed uilig at\u00e1 ag tarl\u00fa i gCluain na dTor.<\/em><\/br>\r\nSign up for our newsletter to find out what's happening at Cluain na dTor.<div class=\"tnp tnp-widget\"><form method=\"post\" action=\"https:\/\/www.seasideplants.eu\/wp01\/?na=s\">\n\n<input type=\"hidden\" name=\"nr\" value=\"widget\"><input type=\"hidden\" name=\"nlang\" value=\"en\"><div class=\"tnp-field tnp-field-firstname\"><label for=\"tnp-name\">First name or full name<\/label>\n<input class=\"tnp-name\" type=\"text\" name=\"nn\" value=\"\"><\/div>\n<div class=\"tnp-field tnp-field-email\"><label for=\"tnp-email\">Email<\/label>\n<input class=\"tnp-email\" type=\"email\" name=\"ne\" value=\"\" required><\/div>\n<div class=\"tnp-field tnp-privacy-field\"><label><input type=\"checkbox\" name=\"ny\" required class=\"tnp-privacy\">&nbsp;By continuing, you accept the privacy policy<\/label><\/div><div class=\"tnp-field tnp-field-button\"><input class=\"tnp-submit\" type=\"submit\" value=\"Subscribe\" >\n<\/div>\n<\/form>\n<\/div><\/div><\/div>\n<\/div>\n\n\n\n<div class=\"wp-block-column\">\n<iframe loading=\"lazy\" src=\"https:\/\/www.google.com\/maps\/embed?pb=!1m18!1m12!1m3!1d7874.894095757922!2d-8.115448931747776!3d55.13931304660662!2m3!1f0!2f0!3f0!3m2!1i1024!2i768!4f13.1!3m3!1m2!1s0x485f86840e79b2ff%3A0x5775608548ebb003!2sCluain%20na%20dTor%20Nursery%20%26%20Gardens!5e1!3m2!1sen!2sie!4v1605896678830!5m2!1sen!2sie\" style=\"border:0;\" allowfullscreen=\"\" aria-hidden=\"false\" tabindex=\"0\" width=\"400\" height=\"300\" frameborder=\"0\"><\/iframe>\n<\/div>\n<\/div>\n ","protected":false},"excerpt":{"rendered":"<p>Located in the scenic splendour of Ireland&#8217;s wilderness, Cluain na dTor (meaning &#8216;Meadow of Shrubs&#8217;) Nursery and Gardens specialises in plants that thrive in Seaside gardens and coastal regions. We offer an outstanding selection of plants suited to both the exposed and more sheltered garden.<\/p>\n","protected":false},"author":1,"featured_media":0,"parent":0,"menu_order":0,"comment_status":"closed","ping_status":"closed","template":"","meta":{"ub_ctt_via":""},"featured_image_src":null,"_links":{"self":[{"href":"https:\/\/www.seasideplants.eu\/wp01\/wp-json\/wp\/v2\/pages\/6"}],"collection":[{"href":"https:\/\/www.seasideplants.eu\/wp01\/wp-json\/wp\/v2\/pages"}],"about":[{"href":"https:\/\/www.seasideplants.eu\/wp01\/wp-json\/wp\/v2\/types\/page"}],"author":[{"embeddable":true,"href":"https:\/\/www.seasideplants.eu\/wp01\/wp-json\/wp\/v2\/users\/1"}],"replies":[{"embeddable":true,"href":"https:\/\/www.seasideplants.eu\/wp01\/wp-json\/wp\/v2\/comments?post=6"}],"version-history":[{"count":62,"href":"https:\/\/www.seasideplants.eu\/wp01\/wp-json\/wp\/v2\/pages\/6\/revisions"}],"predecessor-version":[{"id":699,"href":"https:\/\/www.seasideplants.eu\/wp01\/wp-json\/wp\/v2\/pages\/6\/revisions\/699"}],"wp:attachment":[{"href":"https:\/\/www.seasideplants.eu\/wp01\/wp-json\/wp\/v2\/media?parent=6"}],"curies":[{"name":"wp","href":"https:\/\/api.w.org\/{rel}","templated":true}]}}